{"id":847,"date":"2024-06-12T13:40:24","date_gmt":"2024-06-12T11:40:24","guid":{"rendered":"https:\/\/www.puntokrion.com\/politica-de-privacidad\/"},"modified":"2024-08-06T08:59:51","modified_gmt":"2024-08-06T06:59:51","slug":"datenschutzpolitik","status":"publish","type":"page","link":"https:\/\/www.puntokrion.com\/de\/datenschutzpolitik\/","title":{"rendered":"Datenschutzpolitik"},"content":{"rendered":"\t\t<div data-elementor-type=\"wp-page\" data-elementor-id=\"847\" class=\"elementor elementor-847 elementor-351\" data-elementor-post-type=\"page\">\n\t\t\t\t<div class=\"elementor-element elementor-element-a209cac e-flex e-con-boxed e-con e-parent\" data-id=\"a209cac\" data-element_type=\"container\" data-e-type=\"container\">\n\t\t\t\t\t<div class=\"e-con-inner\">\n\t\t\t\t<div class=\"elementor-element elementor-element-e6e179e elementor-widget elementor-widget-heading\" data-id=\"e6e179e\" data-element_type=\"widget\" data-e-type=\"widget\" data-widget_type=\"heading.default\">\n\t\t\t\t<div class=\"elementor-widget-container\">\n\t\t\t\t\t<h2 class=\"elementor-heading-title elementor-size-default\">Pol\u00edtica de Privacidad<\/h2>\t\t\t\t<\/div>\n\t\t\t\t<\/div>\n\t\t\t\t\t<\/div>\n\t\t\t\t<\/div>\n\t\t<div class=\"elementor-element elementor-element-cbe1983 e-flex e-con-boxed e-con e-parent\" data-id=\"cbe1983\" data-element_type=\"container\" data-e-type=\"container\">\n\t\t\t\t\t<div class=\"e-con-inner\">\n\t\t\t\t<div class=\"elementor-element elementor-element-4718a0b elementor-widget elementor-widget-text-editor\" data-id=\"4718a0b\" data-element_type=\"widget\" data-e-type=\"widget\" data-widget_type=\"text-editor.default\">\n\t\t\t\t<div class=\"elementor-widget-container\">\n\t\t\t\t\t\t\t\t\t<p><strong>Identificaci\u00f3n y Titularidad<\/strong><\/p><p>En cumplimiento del Reglamento (UE) 2016\/679 del Parlamento Europeo y del Consejo, de 27 de abril de 2016 (GDPR), as\u00ed como de la Ley Org\u00e1nica 3\/2018, de 5 de diciembre, de Protecci\u00f3n de Datos Personales y garant\u00eda de los derechos digitales (LOPDGDD), se informa de que el sitio web <a href=\"http:\/\/www.puntorkion.com\" target=\"_new\" rel=\"noreferrer\">www.puntorkion.com<\/a> es propiedad de la empresa NANAMILO S.L., con los siguientes datos identificativos:<\/p><ul><li><strong>Raz\u00f3n social:<\/strong> NANAMILO S.L.<\/li><li><strong>CIF:<\/strong> B98888712<\/li><li><strong>Domicilio:<\/strong> C\/ de L&#8217;almirall Cadarso, 11 puerta 12, 46005 &#8211; Valencia &#8211; Valencia<\/li><li><strong>Correo electr\u00f3nico:<\/strong> <a rel=\"noreferrer\">proyectos@kualitech.es<\/a><\/li><\/ul><p><strong>Objeto<\/strong><\/p><p>La presente Pol\u00edtica de Privacidad tiene por objeto informar a los usuarios del sitio web <a href=\"http:\/\/www.puntorkion.com\" target=\"_new\" rel=\"noreferrer\">www.puntorkion.com<\/a> (en adelante, el \u201cSitio Web\u201d) acerca de la recogida y tratamiento de sus datos personales.<\/p><p><strong>Datos Personales Recogidos<\/strong><\/p><p>NANAMILO S.L. puede recopilar los siguientes datos personales de los usuarios a trav\u00e9s de los formularios proporcionados en el Sitio Web:<\/p><ul><li>Nombre y apellidos<\/li><li>Direcci\u00f3n de correo electr\u00f3nico<\/li><li>Direcci\u00f3n postal<\/li><li>N\u00famero de tel\u00e9fono<\/li><li>Informaci\u00f3n de pago (en caso de transacciones comerciales)<\/li><li>Cualquier otra informaci\u00f3n personal que el usuario proporcione voluntariamente<\/li><\/ul><p><strong>Finalidad del Tratamiento<\/strong><\/p><p>Los datos personales facilitados por los usuarios ser\u00e1n tratados con las siguientes finalidades:<\/p><ul><li>Gestionar y responder a las consultas y solicitudes de informaci\u00f3n realizadas por los usuarios.<\/li><li>Enviar comunicaciones comerciales y promocionales relacionadas con los productos y servicios de la Empresa, siempre que el usuario haya prestado su consentimiento.<\/li><li>Gestionar las transacciones comerciales y proporcionar los servicios contratados.<\/li><li>Mejorar la experiencia del usuario y el contenido del Sitio Web.<\/li><li>Cumplir con las obligaciones legales aplicables.<\/li><\/ul><p><strong>Legitimaci\u00f3n para el Tratamiento de los Datos<\/strong><\/p><p>La base legal para el tratamiento de los datos personales de los usuarios es el consentimiento expreso otorgado por \u00e9stos al proporcionar sus datos y aceptar la presente Pol\u00edtica de Privacidad. En aquellos casos en que los datos sean necesarios para la ejecuci\u00f3n de un contrato, la base legal ser\u00e1 la relaci\u00f3n contractual establecida.<\/p><p><strong>Conservaci\u00f3n de los Datos<\/strong><\/p><p>Los datos personales proporcionados se conservar\u00e1n durante el tiempo necesario para cumplir con la finalidad para la cual se recabaron y para determinar las posibles responsabilidades que se pudieran derivar de dicha finalidad y del tratamiento de los datos. En cualquier caso, los datos ser\u00e1n eliminados cuando ya no sean necesarios para los fines para los cuales fueron recogidos.<\/p><p><strong>Derechos de los Usuarios<\/strong><\/p><p>Los usuarios tienen derecho a:<\/p><ul><li>Acceder a sus datos personales.<\/li><li>Solicitar la rectificaci\u00f3n de datos inexactos.<\/li><li>Solicitar la supresi\u00f3n de sus datos cuando, entre otros motivos, los datos ya no sean necesarios para los fines que fueron recogidos.<\/li><li>Solicitar la limitaci\u00f3n del tratamiento de sus datos, en cuyo caso \u00fanicamente se conservar\u00e1n para el ejercicio o la defensa de reclamaciones.<\/li><li>Oponerse al tratamiento de sus datos personales.<\/li><li>Solicitar la portabilidad de sus datos.<\/li><\/ul><p>Para ejercer estos derechos, los usuarios pueden enviar una solicitud escrita a la direcci\u00f3n postal C\/ de L&#8217;almirall Cadarso, 11 puerta 12, 46005 &#8211; Valencia &#8211; Valencia o al correo electr\u00f3nico <a rel=\"noreferrer\">proyectos@kualitech.es<\/a>, adjuntando una fotocopia de su DNI o documento equivalente e indicando el derecho que desean ejercer.<\/p><p><strong>Seguridad de los Datos<\/strong><\/p><p>NANAMILO S.L. se compromete a adoptar las medidas t\u00e9cnicas y organizativas necesarias para garantizar la seguridad de los datos de car\u00e1cter personal y evitar su alteraci\u00f3n, p\u00e9rdida, tratamiento o acceso no autorizado, habida cuenta del estado de la tecnolog\u00eda, la naturaleza de los datos almacenados y los riesgos a los que est\u00e1n expuestos.<\/p><p><strong>Modificaciones de la Pol\u00edtica de Privacidad<\/strong><\/p><p>NANAMILO S.L. se reserva el derecho a modificar la presente Pol\u00edtica de Privacidad para adaptarla a novedades legislativas o jurisprudenciales, as\u00ed como a pr\u00e1cticas de la industria. En dichos supuestos, la Empresa anunciar\u00e1 en esta p\u00e1gina los cambios introducidos con razonable antelaci\u00f3n a su puesta en pr\u00e1ctica.<\/p><p><strong>Contacto<\/strong><\/p><p>Para cualquier consulta sobre la presente Pol\u00edtica de Privacidad, los usuarios pueden contactar con NANAMILO S.L. a trav\u00e9s de la direcci\u00f3n de correo electr\u00f3nico <a rel=\"noreferrer\">proyectos@kualitech.es<\/a>.<\/p>\t\t\t\t\t\t\t\t<\/div>\n\t\t\t\t<\/div>\n\t\t\t\t\t<\/div>\n\t\t\t\t<\/div>\n\t\t\t\t<\/div>\n\t\t","protected":false},"excerpt":{"rendered":"<p>Pol\u00edtica de Privacidad Identificaci\u00f3n y Titularidad En cumplimiento del Reglamento (UE) 2016\/679 del Parlamento Europeo y del Consejo, de 27 de abril de 2016 (GDPR), as\u00ed como de la Ley Org\u00e1nica 3\/2018, de 5 de diciembre, de Protecci\u00f3n de Datos Personales y garant\u00eda de los derechos digitales (LOPDGDD), se informa de que el sitio web [&hellip;]<\/p>\n","protected":false},"author":65483,"featured_media":0,"parent":0,"menu_order":0,"comment_status":"closed","ping_status":"closed","template":"","meta":{"footnotes":""},"class_list":["post-847","page","type-page","status-publish","hentry"],"yoast_head":"<!-- This site is optimized with the Yoast SEO plugin v26.9 - https:\/\/yoast.com\/product\/yoast-seo-wordpress\/ -->\n<title>Datenschutzpolitik - Punto Krion<\/title>\n<meta name=\"robots\" content=\"index, follow, max-snippet:-1, max-image-preview:large, max-video-preview:-1\" \/>\n<link rel=\"canonical\" href=\"https:\/\/www.puntokrion.com\/de\/datenschutzpolitik\/\" \/>\n<meta property=\"og:locale\" content=\"de_DE\" \/>\n<meta property=\"og:type\" content=\"article\" \/>\n<meta property=\"og:title\" content=\"Datenschutzpolitik - Punto Krion\" \/>\n<meta property=\"og:description\" content=\"Pol\u00edtica de Privacidad Identificaci\u00f3n y Titularidad En cumplimiento del Reglamento (UE) 2016\/679 del Parlamento Europeo y del Consejo, de 27 de abril de 2016 (GDPR), as\u00ed como de la Ley Org\u00e1nica 3\/2018, de 5 de diciembre, de Protecci\u00f3n de Datos Personales y garant\u00eda de los derechos digitales (LOPDGDD), se informa de que el sitio web [&hellip;]\" \/>\n<meta property=\"og:url\" content=\"https:\/\/www.puntokrion.com\/de\/datenschutzpolitik\/\" \/>\n<meta property=\"og:site_name\" content=\"Punto Krion\" \/>\n<meta property=\"article:modified_time\" content=\"2024-08-06T06:59:51+00:00\" \/>\n<meta name=\"twitter:card\" content=\"summary_large_image\" \/>\n<meta name=\"twitter:label1\" content=\"Gesch\u00e4tzte Lesezeit\" \/>\n\t<meta name=\"twitter:data1\" content=\"3\u00a0Minuten\" \/>\n<script type=\"application\/ld+json\" class=\"yoast-schema-graph\">{\"@context\":\"https:\/\/schema.org\",\"@graph\":[{\"@type\":\"WebPage\",\"@id\":\"https:\/\/www.puntokrion.com\/de\/datenschutzpolitik\/\",\"url\":\"https:\/\/www.puntokrion.com\/de\/datenschutzpolitik\/\",\"name\":\"Datenschutzpolitik - Punto Krion\",\"isPartOf\":{\"@id\":\"https:\/\/www.puntokrion.com\/#website\"},\"datePublished\":\"2024-06-12T11:40:24+00:00\",\"dateModified\":\"2024-08-06T06:59:51+00:00\",\"breadcrumb\":{\"@id\":\"https:\/\/www.puntokrion.com\/de\/datenschutzpolitik\/#breadcrumb\"},\"inLanguage\":\"de\",\"potentialAction\":[{\"@type\":\"ReadAction\",\"target\":[\"https:\/\/www.puntokrion.com\/de\/datenschutzpolitik\/\"]}]},{\"@type\":\"BreadcrumbList\",\"@id\":\"https:\/\/www.puntokrion.com\/de\/datenschutzpolitik\/#breadcrumb\",\"itemListElement\":[{\"@type\":\"ListItem\",\"position\":1,\"name\":\"Portada\",\"item\":\"https:\/\/www.puntokrion.com\/de\/\"},{\"@type\":\"ListItem\",\"position\":2,\"name\":\"Datenschutzpolitik\"}]},{\"@type\":\"WebSite\",\"@id\":\"https:\/\/www.puntokrion.com\/#website\",\"url\":\"https:\/\/www.puntokrion.com\/\",\"name\":\"Punto Krion\",\"description\":\"\",\"publisher\":{\"@id\":\"https:\/\/www.puntokrion.com\/#organization\"},\"potentialAction\":[{\"@type\":\"SearchAction\",\"target\":{\"@type\":\"EntryPoint\",\"urlTemplate\":\"https:\/\/www.puntokrion.com\/?s={search_term_string}\"},\"query-input\":{\"@type\":\"PropertyValueSpecification\",\"valueRequired\":true,\"valueName\":\"search_term_string\"}}],\"inLanguage\":\"de\"},{\"@type\":\"Organization\",\"@id\":\"https:\/\/www.puntokrion.com\/#organization\",\"name\":\"Punto Krion\",\"url\":\"https:\/\/www.puntokrion.com\/\",\"logo\":{\"@type\":\"ImageObject\",\"inLanguage\":\"de\",\"@id\":\"https:\/\/www.puntokrion.com\/#\/schema\/logo\/image\/\",\"url\":\"https:\/\/www.puntokrion.com\/wp-content\/uploads\/2024\/04\/cropped-puntokrionlogo.png\",\"contentUrl\":\"https:\/\/www.puntokrion.com\/wp-content\/uploads\/2024\/04\/cropped-puntokrionlogo.png\",\"width\":547,\"height\":173,\"caption\":\"Punto Krion\"},\"image\":{\"@id\":\"https:\/\/www.puntokrion.com\/#\/schema\/logo\/image\/\"}}]}<\/script>\n<!-- \/ Yoast SEO plugin. -->","yoast_head_json":{"title":"Datenschutzpolitik - Punto Krion","robots":{"index":"index","follow":"follow","max-snippet":"max-snippet:-1","max-image-preview":"max-image-preview:large","max-video-preview":"max-video-preview:-1"},"canonical":"https:\/\/www.puntokrion.com\/de\/datenschutzpolitik\/","og_locale":"de_DE","og_type":"article","og_title":"Datenschutzpolitik - Punto Krion","og_description":"Pol\u00edtica de Privacidad Identificaci\u00f3n y Titularidad En cumplimiento del Reglamento (UE) 2016\/679 del Parlamento Europeo y del Consejo, de 27 de abril de 2016 (GDPR), as\u00ed como de la Ley Org\u00e1nica 3\/2018, de 5 de diciembre, de Protecci\u00f3n de Datos Personales y garant\u00eda de los derechos digitales (LOPDGDD), se informa de que el sitio web [&hellip;]","og_url":"https:\/\/www.puntokrion.com\/de\/datenschutzpolitik\/","og_site_name":"Punto Krion","article_modified_time":"2024-08-06T06:59:51+00:00","twitter_card":"summary_large_image","twitter_misc":{"Gesch\u00e4tzte Lesezeit":"3\u00a0Minuten"},"schema":{"@context":"https:\/\/schema.org","@graph":[{"@type":"WebPage","@id":"https:\/\/www.puntokrion.com\/de\/datenschutzpolitik\/","url":"https:\/\/www.puntokrion.com\/de\/datenschutzpolitik\/","name":"Datenschutzpolitik - Punto Krion","isPartOf":{"@id":"https:\/\/www.puntokrion.com\/#website"},"datePublished":"2024-06-12T11:40:24+00:00","dateModified":"2024-08-06T06:59:51+00:00","breadcrumb":{"@id":"https:\/\/www.puntokrion.com\/de\/datenschutzpolitik\/#breadcrumb"},"inLanguage":"de","potentialAction":[{"@type":"ReadAction","target":["https:\/\/www.puntokrion.com\/de\/datenschutzpolitik\/"]}]},{"@type":"BreadcrumbList","@id":"https:\/\/www.puntokrion.com\/de\/datenschutzpolitik\/#breadcrumb","itemListElement":[{"@type":"ListItem","position":1,"name":"Portada","item":"https:\/\/www.puntokrion.com\/de\/"},{"@type":"ListItem","position":2,"name":"Datenschutzpolitik"}]},{"@type":"WebSite","@id":"https:\/\/www.puntokrion.com\/#website","url":"https:\/\/www.puntokrion.com\/","name":"Punto Krion","description":"","publisher":{"@id":"https:\/\/www.puntokrion.com\/#organization"},"potentialAction":[{"@type":"SearchAction","target":{"@type":"EntryPoint","urlTemplate":"https:\/\/www.puntokrion.com\/?s={search_term_string}"},"query-input":{"@type":"PropertyValueSpecification","valueRequired":true,"valueName":"search_term_string"}}],"inLanguage":"de"},{"@type":"Organization","@id":"https:\/\/www.puntokrion.com\/#organization","name":"Punto Krion","url":"https:\/\/www.puntokrion.com\/","logo":{"@type":"ImageObject","inLanguage":"de","@id":"https:\/\/www.puntokrion.com\/#\/schema\/logo\/image\/","url":"https:\/\/www.puntokrion.com\/wp-content\/uploads\/2024\/04\/cropped-puntokrionlogo.png","contentUrl":"https:\/\/www.puntokrion.com\/wp-content\/uploads\/2024\/04\/cropped-puntokrionlogo.png","width":547,"height":173,"caption":"Punto Krion"},"image":{"@id":"https:\/\/www.puntokrion.com\/#\/schema\/logo\/image\/"}}]}},"_links":{"self":[{"href":"https:\/\/www.puntokrion.com\/de\/wp-json\/wp\/v2\/pages\/847","targetHints":{"allow":["GET"]}}],"collection":[{"href":"https:\/\/www.puntokrion.com\/de\/wp-json\/wp\/v2\/pages"}],"about":[{"href":"https:\/\/www.puntokrion.com\/de\/wp-json\/wp\/v2\/types\/page"}],"author":[{"embeddable":true,"href":"https:\/\/www.puntokrion.com\/de\/wp-json\/wp\/v2\/users\/65483"}],"replies":[{"embeddable":true,"href":"https:\/\/www.puntokrion.com\/de\/wp-json\/wp\/v2\/comments?post=847"}],"version-history":[{"count":1,"href":"https:\/\/www.puntokrion.com\/de\/wp-json\/wp\/v2\/pages\/847\/revisions"}],"predecessor-version":[{"id":908,"href":"https:\/\/www.puntokrion.com\/de\/wp-json\/wp\/v2\/pages\/847\/revisions\/908"}],"wp:attachment":[{"href":"https:\/\/www.puntokrion.com\/de\/wp-json\/wp\/v2\/media?parent=847"}],"curies":[{"name":"wp","href":"https:\/\/api.w.org\/{rel}","templated":true}]}}