{"id":269,"date":"2024-06-03T11:16:12","date_gmt":"2024-06-03T09:16:12","guid":{"rendered":"https:\/\/www.puntokrion.com\/?post_type=product&#038;p=269"},"modified":"2024-07-22T10:06:07","modified_gmt":"2024-07-22T08:06:07","slug":"banera-krion-k-life-700x1200","status":"publish","type":"product","link":"https:\/\/www.puntokrion.com\/de\/producto\/banera-krion-k-life-700x1200\/","title":{"rendered":"BA\u00d1ERA KRION K-LIFE &#8211; 700&#215;1200"},"content":{"rendered":"","protected":false},"excerpt":{"rendered":"<p>Ba\u00f1era de dise\u00f1o propio realizada en KRION PORCELANOSA &#8211; Con interiores sanitarios. Medidas: 700&#215;1200<\/p>\n","protected":false},"featured_media":681,"comment_status":"open","ping_status":"closed","template":"","meta":[],"product_brand":[],"product_cat":[24,22],"product_tag":[],"class_list":{"0":"post-269","1":"product","2":"type-product","3":"status-publish","4":"has-post-thumbnail","6":"product_cat-baneras","7":"product_cat-sanitario","9":"first","10":"instock","11":"shipping-taxable","12":"purchasable","13":"product-type-simple"},"yoast_head":"<!-- This site is optimized with the Yoast SEO plugin v26.9 - https:\/\/yoast.com\/product\/yoast-seo-wordpress\/ -->\n<title>BA\u00d1ERA KRION K-LIFE - 700x1200 - Punto Krion<\/title>\n<meta name=\"robots\" content=\"index, follow, max-snippet:-1, max-image-preview:large, max-video-preview:-1\" \/>\n<link rel=\"canonical\" href=\"https:\/\/www.puntokrion.com\/producto\/banera-krion-k-life-700x1200\/\" \/>\n<meta property=\"og:locale\" content=\"de_DE\" \/>\n<meta property=\"og:type\" content=\"article\" \/>\n<meta property=\"og:title\" content=\"BA\u00d1ERA KRION K-LIFE - 700x1200 - Punto Krion\" \/>\n<meta property=\"og:description\" content=\"Ba\u00f1era de dise\u00f1o propio realizada en KRION PORCELANOSA - Con interiores sanitarios. Medidas: 700x1200\" \/>\n<meta property=\"og:url\" content=\"https:\/\/www.puntokrion.com\/producto\/banera-krion-k-life-700x1200\/\" \/>\n<meta property=\"og:site_name\" content=\"Punto Krion\" \/>\n<meta property=\"article:modified_time\" content=\"2024-07-22T08:06:07+00:00\" \/>\n<meta property=\"og:image\" content=\"https:\/\/www.puntokrion.com\/wp-content\/uploads\/2024\/06\/banyera.jpg\" \/>\n\t<meta property=\"og:image:width\" content=\"1620\" \/>\n\t<meta property=\"og:image:height\" content=\"2002\" \/>\n\t<meta property=\"og:image:type\" content=\"image\/jpeg\" \/>\n<meta name=\"twitter:card\" content=\"summary_large_image\" \/>\n<meta name=\"twitter:label1\" content=\"Gesch\u00e4tzte Lesezeit\" \/>\n\t<meta name=\"twitter:data1\" content=\"1\u00a0Minute\" \/>\n<script type=\"application\/ld+json\" class=\"yoast-schema-graph\">{\"@context\":\"https:\/\/schema.org\",\"@graph\":[{\"@type\":\"WebPage\",\"@id\":\"https:\/\/www.puntokrion.com\/producto\/banera-krion-k-life-700x1200\/\",\"url\":\"https:\/\/www.puntokrion.com\/producto\/banera-krion-k-life-700x1200\/\",\"name\":\"BA\u00d1ERA KRION K-LIFE - 700x1200 - Punto Krion\",\"isPartOf\":{\"@id\":\"https:\/\/www.puntokrion.com\/#website\"},\"primaryImageOfPage\":{\"@id\":\"https:\/\/www.puntokrion.com\/producto\/banera-krion-k-life-700x1200\/#primaryimage\"},\"image\":{\"@id\":\"https:\/\/www.puntokrion.com\/producto\/banera-krion-k-life-700x1200\/#primaryimage\"},\"thumbnailUrl\":\"https:\/\/www.puntokrion.com\/wp-content\/uploads\/2024\/06\/banyera.jpg\",\"datePublished\":\"2024-06-03T09:16:12+00:00\",\"dateModified\":\"2024-07-22T08:06:07+00:00\",\"breadcrumb\":{\"@id\":\"https:\/\/www.puntokrion.com\/producto\/banera-krion-k-life-700x1200\/#breadcrumb\"},\"inLanguage\":\"de\",\"potentialAction\":[{\"@type\":\"ReadAction\",\"target\":[\"https:\/\/www.puntokrion.com\/producto\/banera-krion-k-life-700x1200\/\"]}]},{\"@type\":\"ImageObject\",\"inLanguage\":\"de\",\"@id\":\"https:\/\/www.puntokrion.com\/producto\/banera-krion-k-life-700x1200\/#primaryimage\",\"url\":\"https:\/\/www.puntokrion.com\/wp-content\/uploads\/2024\/06\/banyera.jpg\",\"contentUrl\":\"https:\/\/www.puntokrion.com\/wp-content\/uploads\/2024\/06\/banyera.jpg\",\"width\":1620,\"height\":2002},{\"@type\":\"BreadcrumbList\",\"@id\":\"https:\/\/www.puntokrion.com\/producto\/banera-krion-k-life-700x1200\/#breadcrumb\",\"itemListElement\":[{\"@type\":\"ListItem\",\"position\":1,\"name\":\"Portada\",\"item\":\"https:\/\/www.puntokrion.com\/de\/\"},{\"@type\":\"ListItem\",\"position\":2,\"name\":\"Shop\",\"item\":\"https:\/\/www.puntokrion.com\/de\/shop\/\"},{\"@type\":\"ListItem\",\"position\":3,\"name\":\"BA\u00d1ERA KRION K-LIFE &#8211; 700&#215;1200\"}]},{\"@type\":\"WebSite\",\"@id\":\"https:\/\/www.puntokrion.com\/#website\",\"url\":\"https:\/\/www.puntokrion.com\/\",\"name\":\"Punto Krion\",\"description\":\"\",\"publisher\":{\"@id\":\"https:\/\/www.puntokrion.com\/#organization\"},\"potentialAction\":[{\"@type\":\"SearchAction\",\"target\":{\"@type\":\"EntryPoint\",\"urlTemplate\":\"https:\/\/www.puntokrion.com\/?s={search_term_string}\"},\"query-input\":{\"@type\":\"PropertyValueSpecification\",\"valueRequired\":true,\"valueName\":\"search_term_string\"}}],\"inLanguage\":\"de\"},{\"@type\":\"Organization\",\"@id\":\"https:\/\/www.puntokrion.com\/#organization\",\"name\":\"Punto Krion\",\"url\":\"https:\/\/www.puntokrion.com\/\",\"logo\":{\"@type\":\"ImageObject\",\"inLanguage\":\"de\",\"@id\":\"https:\/\/www.puntokrion.com\/#\/schema\/logo\/image\/\",\"url\":\"https:\/\/www.puntokrion.com\/wp-content\/uploads\/2024\/04\/cropped-puntokrionlogo.png\",\"contentUrl\":\"https:\/\/www.puntokrion.com\/wp-content\/uploads\/2024\/04\/cropped-puntokrionlogo.png\",\"width\":547,\"height\":173,\"caption\":\"Punto Krion\"},\"image\":{\"@id\":\"https:\/\/www.puntokrion.com\/#\/schema\/logo\/image\/\"}}]}<\/script>\n<!-- \/ Yoast SEO plugin. -->","yoast_head_json":{"title":"BA\u00d1ERA KRION K-LIFE - 700x1200 - Punto Krion","robots":{"index":"index","follow":"follow","max-snippet":"max-snippet:-1","max-image-preview":"max-image-preview:large","max-video-preview":"max-video-preview:-1"},"canonical":"https:\/\/www.puntokrion.com\/producto\/banera-krion-k-life-700x1200\/","og_locale":"de_DE","og_type":"article","og_title":"BA\u00d1ERA KRION K-LIFE - 700x1200 - Punto Krion","og_description":"Ba\u00f1era de dise\u00f1o propio realizada en KRION PORCELANOSA - Con interiores sanitarios. Medidas: 700x1200","og_url":"https:\/\/www.puntokrion.com\/producto\/banera-krion-k-life-700x1200\/","og_site_name":"Punto Krion","article_modified_time":"2024-07-22T08:06:07+00:00","og_image":[{"width":1620,"height":2002,"url":"https:\/\/www.puntokrion.com\/wp-content\/uploads\/2024\/06\/banyera.jpg","type":"image\/jpeg"}],"twitter_card":"summary_large_image","twitter_misc":{"Gesch\u00e4tzte Lesezeit":"1\u00a0Minute"},"schema":{"@context":"https:\/\/schema.org","@graph":[{"@type":"WebPage","@id":"https:\/\/www.puntokrion.com\/producto\/banera-krion-k-life-700x1200\/","url":"https:\/\/www.puntokrion.com\/producto\/banera-krion-k-life-700x1200\/","name":"BA\u00d1ERA KRION K-LIFE - 700x1200 - Punto Krion","isPartOf":{"@id":"https:\/\/www.puntokrion.com\/#website"},"primaryImageOfPage":{"@id":"https:\/\/www.puntokrion.com\/producto\/banera-krion-k-life-700x1200\/#primaryimage"},"image":{"@id":"https:\/\/www.puntokrion.com\/producto\/banera-krion-k-life-700x1200\/#primaryimage"},"thumbnailUrl":"https:\/\/www.puntokrion.com\/wp-content\/uploads\/2024\/06\/banyera.jpg","datePublished":"2024-06-03T09:16:12+00:00","dateModified":"2024-07-22T08:06:07+00:00","breadcrumb":{"@id":"https:\/\/www.puntokrion.com\/producto\/banera-krion-k-life-700x1200\/#breadcrumb"},"inLanguage":"de","potentialAction":[{"@type":"ReadAction","target":["https:\/\/www.puntokrion.com\/producto\/banera-krion-k-life-700x1200\/"]}]},{"@type":"ImageObject","inLanguage":"de","@id":"https:\/\/www.puntokrion.com\/producto\/banera-krion-k-life-700x1200\/#primaryimage","url":"https:\/\/www.puntokrion.com\/wp-content\/uploads\/2024\/06\/banyera.jpg","contentUrl":"https:\/\/www.puntokrion.com\/wp-content\/uploads\/2024\/06\/banyera.jpg","width":1620,"height":2002},{"@type":"BreadcrumbList","@id":"https:\/\/www.puntokrion.com\/producto\/banera-krion-k-life-700x1200\/#breadcrumb","itemListElement":[{"@type":"ListItem","position":1,"name":"Portada","item":"https:\/\/www.puntokrion.com\/de\/"},{"@type":"ListItem","position":2,"name":"Shop","item":"https:\/\/www.puntokrion.com\/de\/shop\/"},{"@type":"ListItem","position":3,"name":"BA\u00d1ERA KRION K-LIFE &#8211; 700&#215;1200"}]},{"@type":"WebSite","@id":"https:\/\/www.puntokrion.com\/#website","url":"https:\/\/www.puntokrion.com\/","name":"Punto Krion","description":"","publisher":{"@id":"https:\/\/www.puntokrion.com\/#organization"},"potentialAction":[{"@type":"SearchAction","target":{"@type":"EntryPoint","urlTemplate":"https:\/\/www.puntokrion.com\/?s={search_term_string}"},"query-input":{"@type":"PropertyValueSpecification","valueRequired":true,"valueName":"search_term_string"}}],"inLanguage":"de"},{"@type":"Organization","@id":"https:\/\/www.puntokrion.com\/#organization","name":"Punto Krion","url":"https:\/\/www.puntokrion.com\/","logo":{"@type":"ImageObject","inLanguage":"de","@id":"https:\/\/www.puntokrion.com\/#\/schema\/logo\/image\/","url":"https:\/\/www.puntokrion.com\/wp-content\/uploads\/2024\/04\/cropped-puntokrionlogo.png","contentUrl":"https:\/\/www.puntokrion.com\/wp-content\/uploads\/2024\/04\/cropped-puntokrionlogo.png","width":547,"height":173,"caption":"Punto Krion"},"image":{"@id":"https:\/\/www.puntokrion.com\/#\/schema\/logo\/image\/"}}]}},"_links":{"self":[{"href":"https:\/\/www.puntokrion.com\/de\/wp-json\/wp\/v2\/product\/269","targetHints":{"allow":["GET"]}}],"collection":[{"href":"https:\/\/www.puntokrion.com\/de\/wp-json\/wp\/v2\/product"}],"about":[{"href":"https:\/\/www.puntokrion.com\/de\/wp-json\/wp\/v2\/types\/product"}],"replies":[{"embeddable":true,"href":"https:\/\/www.puntokrion.com\/de\/wp-json\/wp\/v2\/comments?post=269"}],"wp:featuredmedia":[{"embeddable":true,"href":"https:\/\/www.puntokrion.com\/de\/wp-json\/wp\/v2\/media\/681"}],"wp:attachment":[{"href":"https:\/\/www.puntokrion.com\/de\/wp-json\/wp\/v2\/media?parent=269"}],"wp:term":[{"taxonomy":"product_brand","embeddable":true,"href":"https:\/\/www.puntokrion.com\/de\/wp-json\/wp\/v2\/product_brand?post=269"},{"taxonomy":"product_cat","embeddable":true,"href":"https:\/\/www.puntokrion.com\/de\/wp-json\/wp\/v2\/product_cat?post=269"},{"taxonomy":"product_tag","embeddable":true,"href":"https:\/\/www.puntokrion.com\/de\/wp-json\/wp\/v2\/product_tag?post=269"}],"curies":[{"name":"wp","href":"https:\/\/api.w.org\/{rel}","templated":true}]}}