{"id":830,"date":"2024-06-12T13:39:07","date_gmt":"2024-06-12T11:39:07","guid":{"rendered":"https:\/\/www.puntokrion.com\/aviso-legal\/"},"modified":"2024-09-12T15:06:43","modified_gmt":"2024-09-12T13:06:43","slug":"aviso-legal","status":"publish","type":"page","link":"https:\/\/www.puntokrion.com\/en\/aviso-legal\/","title":{"rendered":"Aviso Legal"},"content":{"rendered":"\t\t<div data-elementor-type=\"wp-page\" data-elementor-id=\"830\" class=\"elementor elementor-830 elementor-349\" data-elementor-post-type=\"page\">\n\t\t\t\t<div class=\"elementor-element elementor-element-a8dc3ed e-flex e-con-boxed e-con e-parent\" data-id=\"a8dc3ed\" data-element_type=\"container\" data-e-type=\"container\">\n\t\t\t\t\t<div class=\"e-con-inner\">\n\t\t\t\t<div class=\"elementor-element elementor-element-8fc447e elementor-widget elementor-widget-heading\" data-id=\"8fc447e\" data-element_type=\"widget\" data-e-type=\"widget\" data-widget_type=\"heading.default\">\n\t\t\t\t<div class=\"elementor-widget-container\">\n\t\t\t\t\t<h2 class=\"elementor-heading-title elementor-size-default\">Aviso Legal<\/h2>\t\t\t\t<\/div>\n\t\t\t\t<\/div>\n\t\t\t\t\t<\/div>\n\t\t\t\t<\/div>\n\t\t<div class=\"elementor-element elementor-element-1acd355 e-flex e-con-boxed e-con e-parent\" data-id=\"1acd355\" data-element_type=\"container\" data-e-type=\"container\">\n\t\t\t\t\t<div class=\"e-con-inner\">\n\t\t\t\t<div class=\"elementor-element elementor-element-97110b0 elementor-widget elementor-widget-text-editor\" data-id=\"97110b0\" data-element_type=\"widget\" data-e-type=\"widget\" data-widget_type=\"text-editor.default\">\n\t\t\t\t<div class=\"elementor-widget-container\">\n\t\t\t\t\t\t\t\t\t<p><strong>Identificaci\u00f3n y Titularidad<\/strong><\/p><p>En cumplimiento de la Ley 34\/2002, de 11 de julio, de Servicios de la Sociedad de la Informaci\u00f3n y de Comercio Electr\u00f3nico (LSSI-CE), se informa de que el sitio web <a href=\"http:\/\/www.puntorkion.com\" target=\"_new\" rel=\"noreferrer\">www.puntorkion.com<\/a> es propiedad de la empresa NANAMILO S.L., con los siguientes datos identificativos:<\/p><ul><li><strong>Raz\u00f3n social:<\/strong> NANAMILO S.L.<\/li><li><strong>CIF:<\/strong> B98888712<\/li><li><strong>Domicilio:<\/strong> C\/ de L&#8217;almirall Cadarso, 11 puerta 12, 46005 &#8211; Valencia &#8211; Valencia<\/li><li><strong>Correo electr\u00f3nico:<\/strong> <a rel=\"noreferrer\">proyectos@kualitech.es<\/a><\/li><\/ul><p>\u00a0<\/p><p><strong>Objeto<\/strong><\/p><p>El presente Aviso Legal regula las condiciones de uso del sitio web <a href=\"http:\/\/www.puntorkion.com\" target=\"_new\" rel=\"noreferrer\">www.puntorkion.com<\/a> (en adelante, el \u201cSitio Web\u201d), cuyo titular es NANAMILO S.L. (en adelante, la \u201cEmpresa\u201d).<\/p><p>La Empresa se dedica a [descripci\u00f3n de la actividad de la empresa, si es necesario]. A trav\u00e9s del Sitio Web, la Empresa proporciona informaci\u00f3n sobre sus productos y servicios, as\u00ed como contenidos y recursos relacionados con su \u00e1mbito de actuaci\u00f3n.<\/p><p><strong>Condiciones de Uso<\/strong><\/p><p>El acceso y uso del Sitio Web confiere la condici\u00f3n de usuario (en adelante, el \u201cUsuario\u201d) e implica la aceptaci\u00f3n plena y sin reservas de todas y cada una de las disposiciones incluidas en este Aviso Legal en la versi\u00f3n publicada por la Empresa en el momento mismo en que el Usuario acceda al Sitio Web. En consecuencia, el Usuario debe leer atentamente el presente Aviso Legal en cada una de las ocasiones en que se proponga utilizar el Sitio Web, ya que puede sufrir modificaciones.<\/p><p>El Usuario se compromete a utilizar el Sitio Web y sus contenidos y servicios conforme con la ley, el presente Aviso Legal, las buenas costumbres y el orden p\u00fablico. Del mismo modo, el Usuario se obliga a no utilizar el Sitio Web con fines o efectos il\u00edcitos, contrarios a lo establecido en el Aviso Legal, lesivos de los derechos e intereses de terceros, o que de cualquier forma puedan da\u00f1ar, inutilizar, sobrecargar o deteriorar el Sitio Web o impedir la normal utilizaci\u00f3n o disfrute del Sitio Web por parte de los Usuarios.<\/p><p><strong>Propiedad Intelectual e Industrial<\/strong><\/p><p>Todos los contenidos del Sitio Web, entendiendo por estos, a t\u00edtulo meramente enunciativo, los textos, fotograf\u00edas, gr\u00e1ficos, im\u00e1genes, iconos, tecnolog\u00eda, software, enlaces y dem\u00e1s contenidos audiovisuales o sonoros, as\u00ed como su dise\u00f1o gr\u00e1fico y c\u00f3digos fuente (en adelante, los \u201cContenidos\u201d), son propiedad intelectual de la Empresa o de terceros, sin que puedan entenderse cedidos al Usuario ninguno de los derechos de explotaci\u00f3n reconocidos por la normativa vigente en materia de propiedad intelectual sobre los mismos.<\/p><p>Quedan expresamente prohibidas la reproducci\u00f3n, la transformaci\u00f3n, la distribuci\u00f3n, la comunicaci\u00f3n p\u00fablica, la puesta a disposici\u00f3n del p\u00fablico, la extracci\u00f3n, reutilizaci\u00f3n, reenv\u00edo o la utilizaci\u00f3n de cualquier naturaleza, por cualquier medio o procedimiento, de cualquiera de los Contenidos, salvo en los casos en que est\u00e9 legalmente permitido o sea autorizado expresamente y por escrito por el titular de los correspondientes derechos.<\/p><p><strong>Responsabilidad<\/strong><\/p><p>La Empresa no garantiza la disponibilidad continua y permanente del Sitio Web y de los servicios, quedando de este modo exonerada de cualquier responsabilidad por posibles da\u00f1os y perjuicios causados como consecuencia de la falta de disponibilidad del servicio por motivos de fuerza mayor o errores en las redes telem\u00e1ticas de transferencia de datos, ajenos a su voluntad.<\/p><p>La Empresa no se hace responsable del contenido de los enlaces a otros sitios web que no sean de su titularidad y que, por tanto, no pueden ser controlados por \u00e9sta. En el caso de que en el Sitio Web se dispusiesen enlaces o hiperv\u00ednculos hac\u00eda otros sitios de Internet, la Empresa no ejercer\u00e1 ning\u00fan tipo de control sobre dichos sitios y contenidos. En ning\u00fan caso la Empresa asumir\u00e1 responsabilidad alguna por los contenidos de alg\u00fan enlace perteneciente a un sitio web ajeno, ni garantizar\u00e1 la disponibilidad t\u00e9cnica, calidad, fiabilidad, exactitud, amplitud, veracidad, validez y constitucionalidad de cualquier material o informaci\u00f3n contenida en ninguno de dichos hiperv\u00ednculos u otros sitios de Internet.<\/p><p><strong>Modificaciones<\/strong><\/p><p>La Empresa se reserva el derecho de efectuar sin previo aviso las modificaciones que considere oportunas en el Sitio Web, pudiendo cambiar, suprimir o a\u00f1adir tanto los contenidos y servicios que se presten a trav\u00e9s de la misma como la forma en la que \u00e9stos aparezcan presentados o localizados en el Sitio Web.<\/p><p><strong>Legislaci\u00f3n Aplicable y Jurisdicci\u00f3n<\/strong><\/p><p>Las relaciones establecidas entre la Empresa y el Usuario se regir\u00e1n por lo dispuesto en la normativa espa\u00f1ola vigente. La Empresa y el Usuario, con renuncia expresa a cualquier otro fuero que pudiera corresponderles, se someten al de los Juzgados y Tribunales de la ciudad de Valencia para cualquier controversia que pudiera derivarse del acceso o uso del Sitio Web.<\/p><p><strong>Contacto<\/strong><\/p><p>En caso de que cualquier Usuario tuviera alguna duda acerca de este Aviso Legal o cualquier comentario sobre el Sitio Web, puede dirigirse a <a rel=\"noreferrer\">proyectos@kualitech.es<\/a>.<\/p>\t\t\t\t\t\t\t\t<\/div>\n\t\t\t\t<\/div>\n\t\t\t\t\t<\/div>\n\t\t\t\t<\/div>\n\t\t\t\t<\/div>\n\t\t","protected":false},"excerpt":{"rendered":"<p>Aviso Legal Identificaci\u00f3n y Titularidad En cumplimiento de la Ley 34\/2002, de 11 de julio, de Servicios de la Sociedad de la Informaci\u00f3n y de Comercio Electr\u00f3nico (LSSI-CE), se informa de que el sitio web www.puntorkion.com es propiedad de la empresa NANAMILO S.L., con los siguientes datos identificativos: Raz\u00f3n social: NANAMILO S.L. CIF: B98888712 Domicilio: [&hellip;]<\/p>\n","protected":false},"author":65483,"featured_media":0,"parent":0,"menu_order":0,"comment_status":"closed","ping_status":"closed","template":"","meta":{"footnotes":""},"class_list":["post-830","page","type-page","status-publish","hentry"],"yoast_head":"<!-- This site is optimized with the Yoast SEO plugin v26.9 - https:\/\/yoast.com\/product\/yoast-seo-wordpress\/ -->\n<title>Aviso Legal - Punto Krion<\/title>\n<meta name=\"robots\" content=\"index, follow, max-snippet:-1, max-image-preview:large, max-video-preview:-1\" \/>\n<link rel=\"canonical\" href=\"https:\/\/www.puntokrion.com\/en\/aviso-legal\/\" \/>\n<meta property=\"og:locale\" content=\"en_US\" \/>\n<meta property=\"og:type\" content=\"article\" \/>\n<meta property=\"og:title\" content=\"Aviso Legal - Punto Krion\" \/>\n<meta property=\"og:description\" content=\"Aviso Legal Identificaci\u00f3n y Titularidad En cumplimiento de la Ley 34\/2002, de 11 de julio, de Servicios de la Sociedad de la Informaci\u00f3n y de Comercio Electr\u00f3nico (LSSI-CE), se informa de que el sitio web www.puntorkion.com es propiedad de la empresa NANAMILO S.L., con los siguientes datos identificativos: Raz\u00f3n social: NANAMILO S.L. CIF: B98888712 Domicilio: [&hellip;]\" \/>\n<meta property=\"og:url\" content=\"https:\/\/www.puntokrion.com\/en\/aviso-legal\/\" \/>\n<meta property=\"og:site_name\" content=\"Punto Krion\" \/>\n<meta property=\"article:modified_time\" content=\"2024-09-12T13:06:43+00:00\" \/>\n<meta name=\"twitter:card\" content=\"summary_large_image\" \/>\n<meta name=\"twitter:label1\" content=\"Est. reading time\" \/>\n\t<meta name=\"twitter:data1\" content=\"4 minutes\" \/>\n<script type=\"application\/ld+json\" class=\"yoast-schema-graph\">{\"@context\":\"https:\/\/schema.org\",\"@graph\":[{\"@type\":\"WebPage\",\"@id\":\"https:\/\/www.puntokrion.com\/en\/aviso-legal\/\",\"url\":\"https:\/\/www.puntokrion.com\/en\/aviso-legal\/\",\"name\":\"Aviso Legal - Punto Krion\",\"isPartOf\":{\"@id\":\"https:\/\/www.puntokrion.com\/#website\"},\"datePublished\":\"2024-06-12T11:39:07+00:00\",\"dateModified\":\"2024-09-12T13:06:43+00:00\",\"breadcrumb\":{\"@id\":\"https:\/\/www.puntokrion.com\/en\/aviso-legal\/#breadcrumb\"},\"inLanguage\":\"en-US\",\"potentialAction\":[{\"@type\":\"ReadAction\",\"target\":[\"https:\/\/www.puntokrion.com\/en\/aviso-legal\/\"]}]},{\"@type\":\"BreadcrumbList\",\"@id\":\"https:\/\/www.puntokrion.com\/en\/aviso-legal\/#breadcrumb\",\"itemListElement\":[{\"@type\":\"ListItem\",\"position\":1,\"name\":\"Portada\",\"item\":\"https:\/\/www.puntokrion.com\/en\/\"},{\"@type\":\"ListItem\",\"position\":2,\"name\":\"Aviso Legal\"}]},{\"@type\":\"WebSite\",\"@id\":\"https:\/\/www.puntokrion.com\/#website\",\"url\":\"https:\/\/www.puntokrion.com\/\",\"name\":\"Punto Krion\",\"description\":\"\",\"publisher\":{\"@id\":\"https:\/\/www.puntokrion.com\/#organization\"},\"potentialAction\":[{\"@type\":\"SearchAction\",\"target\":{\"@type\":\"EntryPoint\",\"urlTemplate\":\"https:\/\/www.puntokrion.com\/?s={search_term_string}\"},\"query-input\":{\"@type\":\"PropertyValueSpecification\",\"valueRequired\":true,\"valueName\":\"search_term_string\"}}],\"inLanguage\":\"en-US\"},{\"@type\":\"Organization\",\"@id\":\"https:\/\/www.puntokrion.com\/#organization\",\"name\":\"Punto Krion\",\"url\":\"https:\/\/www.puntokrion.com\/\",\"logo\":{\"@type\":\"ImageObject\",\"inLanguage\":\"en-US\",\"@id\":\"https:\/\/www.puntokrion.com\/#\/schema\/logo\/image\/\",\"url\":\"https:\/\/www.puntokrion.com\/wp-content\/uploads\/2024\/04\/cropped-puntokrionlogo.png\",\"contentUrl\":\"https:\/\/www.puntokrion.com\/wp-content\/uploads\/2024\/04\/cropped-puntokrionlogo.png\",\"width\":547,\"height\":173,\"caption\":\"Punto Krion\"},\"image\":{\"@id\":\"https:\/\/www.puntokrion.com\/#\/schema\/logo\/image\/\"}}]}<\/script>\n<!-- \/ Yoast SEO plugin. -->","yoast_head_json":{"title":"Aviso Legal - Punto Krion","robots":{"index":"index","follow":"follow","max-snippet":"max-snippet:-1","max-image-preview":"max-image-preview:large","max-video-preview":"max-video-preview:-1"},"canonical":"https:\/\/www.puntokrion.com\/en\/aviso-legal\/","og_locale":"en_US","og_type":"article","og_title":"Aviso Legal - Punto Krion","og_description":"Aviso Legal Identificaci\u00f3n y Titularidad En cumplimiento de la Ley 34\/2002, de 11 de julio, de Servicios de la Sociedad de la Informaci\u00f3n y de Comercio Electr\u00f3nico (LSSI-CE), se informa de que el sitio web www.puntorkion.com es propiedad de la empresa NANAMILO S.L., con los siguientes datos identificativos: Raz\u00f3n social: NANAMILO S.L. CIF: B98888712 Domicilio: [&hellip;]","og_url":"https:\/\/www.puntokrion.com\/en\/aviso-legal\/","og_site_name":"Punto Krion","article_modified_time":"2024-09-12T13:06:43+00:00","twitter_card":"summary_large_image","twitter_misc":{"Est. reading time":"4 minutes"},"schema":{"@context":"https:\/\/schema.org","@graph":[{"@type":"WebPage","@id":"https:\/\/www.puntokrion.com\/en\/aviso-legal\/","url":"https:\/\/www.puntokrion.com\/en\/aviso-legal\/","name":"Aviso Legal - Punto Krion","isPartOf":{"@id":"https:\/\/www.puntokrion.com\/#website"},"datePublished":"2024-06-12T11:39:07+00:00","dateModified":"2024-09-12T13:06:43+00:00","breadcrumb":{"@id":"https:\/\/www.puntokrion.com\/en\/aviso-legal\/#breadcrumb"},"inLanguage":"en-US","potentialAction":[{"@type":"ReadAction","target":["https:\/\/www.puntokrion.com\/en\/aviso-legal\/"]}]},{"@type":"BreadcrumbList","@id":"https:\/\/www.puntokrion.com\/en\/aviso-legal\/#breadcrumb","itemListElement":[{"@type":"ListItem","position":1,"name":"Portada","item":"https:\/\/www.puntokrion.com\/en\/"},{"@type":"ListItem","position":2,"name":"Aviso Legal"}]},{"@type":"WebSite","@id":"https:\/\/www.puntokrion.com\/#website","url":"https:\/\/www.puntokrion.com\/","name":"Punto Krion","description":"","publisher":{"@id":"https:\/\/www.puntokrion.com\/#organization"},"potentialAction":[{"@type":"SearchAction","target":{"@type":"EntryPoint","urlTemplate":"https:\/\/www.puntokrion.com\/?s={search_term_string}"},"query-input":{"@type":"PropertyValueSpecification","valueRequired":true,"valueName":"search_term_string"}}],"inLanguage":"en-US"},{"@type":"Organization","@id":"https:\/\/www.puntokrion.com\/#organization","name":"Punto Krion","url":"https:\/\/www.puntokrion.com\/","logo":{"@type":"ImageObject","inLanguage":"en-US","@id":"https:\/\/www.puntokrion.com\/#\/schema\/logo\/image\/","url":"https:\/\/www.puntokrion.com\/wp-content\/uploads\/2024\/04\/cropped-puntokrionlogo.png","contentUrl":"https:\/\/www.puntokrion.com\/wp-content\/uploads\/2024\/04\/cropped-puntokrionlogo.png","width":547,"height":173,"caption":"Punto Krion"},"image":{"@id":"https:\/\/www.puntokrion.com\/#\/schema\/logo\/image\/"}}]}},"_links":{"self":[{"href":"https:\/\/www.puntokrion.com\/en\/wp-json\/wp\/v2\/pages\/830","targetHints":{"allow":["GET"]}}],"collection":[{"href":"https:\/\/www.puntokrion.com\/en\/wp-json\/wp\/v2\/pages"}],"about":[{"href":"https:\/\/www.puntokrion.com\/en\/wp-json\/wp\/v2\/types\/page"}],"author":[{"embeddable":true,"href":"https:\/\/www.puntokrion.com\/en\/wp-json\/wp\/v2\/users\/65483"}],"replies":[{"embeddable":true,"href":"https:\/\/www.puntokrion.com\/en\/wp-json\/wp\/v2\/comments?post=830"}],"version-history":[{"count":5,"href":"https:\/\/www.puntokrion.com\/en\/wp-json\/wp\/v2\/pages\/830\/revisions"}],"predecessor-version":[{"id":1142,"href":"https:\/\/www.puntokrion.com\/en\/wp-json\/wp\/v2\/pages\/830\/revisions\/1142"}],"wp:attachment":[{"href":"https:\/\/www.puntokrion.com\/en\/wp-json\/wp\/v2\/media?parent=830"}],"curies":[{"name":"wp","href":"https:\/\/api.w.org\/{rel}","templated":true}]}}