{"id":836,"date":"2024-06-12T13:41:46","date_gmt":"2024-06-12T11:41:46","guid":{"rendered":"https:\/\/www.puntokrion.com\/declaracion-de-accesibilidad\/"},"modified":"2024-09-12T15:10:51","modified_gmt":"2024-09-12T13:10:51","slug":"declaracion-de-accesibilidad","status":"publish","type":"page","link":"https:\/\/www.puntokrion.com\/en\/declaracion-de-accesibilidad\/","title":{"rendered":"Declaraci\u00f3n de Accesibilidad"},"content":{"rendered":"\t\t<div data-elementor-type=\"wp-page\" data-elementor-id=\"836\" class=\"elementor elementor-836 elementor-355\" data-elementor-post-type=\"page\">\n\t\t\t\t<div class=\"elementor-element elementor-element-7856919 e-flex e-con-boxed e-con e-parent\" data-id=\"7856919\" data-element_type=\"container\" data-e-type=\"container\">\n\t\t\t\t\t<div class=\"e-con-inner\">\n\t\t\t\t<div class=\"elementor-element elementor-element-7a2032b elementor-widget elementor-widget-heading\" data-id=\"7a2032b\" data-element_type=\"widget\" data-e-type=\"widget\" data-widget_type=\"heading.default\">\n\t\t\t\t<div class=\"elementor-widget-container\">\n\t\t\t\t\t<h2 class=\"elementor-heading-title elementor-size-default\">Declaraci\u00f3n de Accesibilidad<\/h2>\t\t\t\t<\/div>\n\t\t\t\t<\/div>\n\t\t\t\t<div class=\"elementor-element elementor-element-571acad elementor-widget elementor-widget-text-editor\" data-id=\"571acad\" data-element_type=\"widget\" data-e-type=\"widget\" data-widget_type=\"text-editor.default\">\n\t\t\t\t<div class=\"elementor-widget-container\">\n\t\t\t\t\t\t\t\t\t<p>En este portal encontrar\u00e1 informaci\u00f3n sobre las directrices de accesibilidad aplicadas a los contenidos de la la web <a href=\"https:\/\/puntokrion.com\/\" target=\"_new\" rel=\"noreferrer\">https:\/\/puntokrion.com\/<\/a> con el objetivo de garantizar que las personas con discapacidad o de edad avanzada puedan acceder a los mismos, cumpliendo as\u00ed con lo establecido por la Ley de Servicios de la Sociedad de la Informaci\u00f3n y el Comercio Electr\u00f3nico para los sitios web.<\/p>\t\t\t\t\t\t\t\t<\/div>\n\t\t\t\t<\/div>\n\t\t\t\t\t<\/div>\n\t\t\t\t<\/div>\n\t\t<div class=\"elementor-element elementor-element-5816cf6 e-flex e-con-boxed e-con e-parent\" data-id=\"5816cf6\" data-element_type=\"container\" data-e-type=\"container\">\n\t\t\t\t\t<div class=\"e-con-inner\">\n\t\t\t\t<div class=\"elementor-element elementor-element-20adc0e elementor-widget elementor-widget-heading\" data-id=\"20adc0e\" data-element_type=\"widget\" data-e-type=\"widget\" data-widget_type=\"heading.default\">\n\t\t\t\t<div class=\"elementor-widget-container\">\n\t\t\t\t\t<h3 class=\"elementor-heading-title elementor-size-default\">1. Compromiso<\/h3>\t\t\t\t<\/div>\n\t\t\t\t<\/div>\n\t\t\t\t<div class=\"elementor-element elementor-element-83d3955 elementor-widget elementor-widget-text-editor\" data-id=\"83d3955\" data-element_type=\"widget\" data-e-type=\"widget\" data-widget_type=\"text-editor.default\">\n\t\t\t\t<div class=\"elementor-widget-container\">\n\t\t\t\t\t\t\t\t\t<p>Punto Krion S.L.U. se ha comprometido a cumplir con el Real Decreto 1112\/2018, de 7 de septiembre, sobre accesibilidad de los sitios web y aplicaciones para dispositivos m\u00f3viles, que traspone la directiva (UE) 2016\/2102, del Parlamento Europeo y del Consejo, de 26 de octubre de 2016. Con este compromiso, Punto Krion S.L.U. busca garantizar un acceso universal a la informaci\u00f3n que se encuentra en su sitio web, ofreciendo herramientas no excluyentes y proporcionando una experiencia de usuario lo m\u00e1s accesible posible.<\/p><p>Los contenidos publicados en el sitio web de Punto Krion S.L.U. deben ser consultados y utilizados independientemente de las circunstancias personales de los usuarios, como discapacidades, diversidad funcional o edad avanzada, o las limitaciones derivadas del entorno o contexto de uso, como el dispositivo utilizado, la velocidad de conexi\u00f3n o las condiciones ambientales. El dise\u00f1o del interfaz debe adaptarse a las personas y no al rev\u00e9s, permitiendo una navegaci\u00f3n f\u00e1cil y accesible para todos.<\/p><p>Adem\u00e1s, los contenidos deben ser presentados perfectamente en m\u00faltiples dispositivos y cualquier otro tipo de herramienta de asistencia. Con esto, se busca garantizar una experiencia de usuario satisfactoria para todos los visitantes del sitio web, independientemente de sus habilidades o limitaciones.<\/p><p>La presente declaraci\u00f3n de accesibilidad se aplica al sitio web <a href=\"https:\/\/puntokrion.es\/\" target=\"_new\" rel=\"noreferrer\">https:\/\/puntokrion.es\/<\/a> y se espera que la empresa contin\u00fae trabajando para mejorar la accesibilidad de su sitio web en el futuro.<\/p>\t\t\t\t\t\t\t\t<\/div>\n\t\t\t\t<\/div>\n\t\t\t\t\t<\/div>\n\t\t\t\t<\/div>\n\t\t<div class=\"elementor-element elementor-element-785634c e-flex e-con-boxed e-con e-parent\" data-id=\"785634c\" data-element_type=\"container\" data-e-type=\"container\">\n\t\t\t\t\t<div class=\"e-con-inner\">\n\t\t\t\t<div class=\"elementor-element elementor-element-1d3cdea elementor-widget elementor-widget-heading\" data-id=\"1d3cdea\" data-element_type=\"widget\" data-e-type=\"widget\" data-widget_type=\"heading.default\">\n\t\t\t\t<div class=\"elementor-widget-container\">\n\t\t\t\t\t<h3 class=\"elementor-heading-title elementor-size-default\">2. Situaci\u00f3n De Cumplimiento<\/h3>\t\t\t\t<\/div>\n\t\t\t\t<\/div>\n\t\t\t\t<div class=\"elementor-element elementor-element-0d9672d elementor-widget elementor-widget-text-editor\" data-id=\"0d9672d\" data-element_type=\"widget\" data-e-type=\"widget\" data-widget_type=\"text-editor.default\">\n\t\t\t\t<div class=\"elementor-widget-container\">\n\t\t\t\t\t\t\t\t\t<p>En aras de garantizar la accesibilidad del sitio, se ha llevado a cabo un proceso de autoevaluaci\u00f3n del sitio web, con el objetivo de determinar su conformidad con el Real Decreto 1112\/2018, de 7 de septiembre, sobre accesibilidad de los sitios web y aplicaciones para dispositivos m\u00f3viles. Tras este an\u00e1lisis, se ha determinado que el sitio web presenta ciertas faltas de conformidad con dicho Real Decreto.<\/p><p>En concreto, se han identificado aspectos que no cumplen con las especificaciones establecidas en el Real Decreto 1112\/2018, que afectan a la accesibilidad del sitio web. A pesar de ello, se ha determinado que el sitio web es parcialmente conforme con el Real Decreto 1112\/2018, ya que presenta algunos aspectos conformes con las especificaciones establecidas.<\/p><p>Es importante mencionar que, aunque se han identificado estas faltas de conformidad, Punto Krion S.L.U. est\u00e1 comprometido con mejorar la accesibilidad del sitio web y trabajar para cumplir plenamente con el Real Decreto 1112\/2018. Se espera que, mediante la implementaci\u00f3n de las medidas necesarias, se logre alcanzar una conformidad total con dicho Real Decreto en un futuro cercano.<\/p>\t\t\t\t\t\t\t\t<\/div>\n\t\t\t\t<\/div>\n\t\t\t\t\t<\/div>\n\t\t\t\t<\/div>\n\t\t<div class=\"elementor-element elementor-element-c3dbe4a e-flex e-con-boxed e-con e-parent\" data-id=\"c3dbe4a\" data-element_type=\"container\" data-e-type=\"container\">\n\t\t\t\t\t<div class=\"e-con-inner\">\n\t\t\t\t<div class=\"elementor-element elementor-element-8bc7f3a elementor-widget elementor-widget-heading\" data-id=\"8bc7f3a\" data-element_type=\"widget\" data-e-type=\"widget\" data-widget_type=\"heading.default\">\n\t\t\t\t<div class=\"elementor-widget-container\">\n\t\t\t\t\t<h3 class=\"elementor-heading-title elementor-size-default\">3. Caracter\u00edsticas T\u00e9cnicas<\/h3>\t\t\t\t<\/div>\n\t\t\t\t<\/div>\n\t\t\t\t<div class=\"elementor-element elementor-element-cd87230 elementor-widget elementor-widget-text-editor\" data-id=\"cd87230\" data-element_type=\"widget\" data-e-type=\"widget\" data-widget_type=\"text-editor.default\">\n\t\t\t\t<div class=\"elementor-widget-container\">\n\t\t\t\t\t\t\t\t\tEn aras de garantizar la accesibilidad del sitio web, se han adoptado una serie de medidas para mejorar la experiencia de navegaci\u00f3n para las personas con discapacidad. Algunas de las medidas implementadas incluyen:\n<ul>\n \t<li>Utilizaci\u00f3n de un lenguaje sencillo y coherente para estructurar los contenidos, con la finalidad de hacerlos f\u00e1cilmente comprensibles para todas las personas.<\/li>\n \t<li>Creaci\u00f3n de documentos est\u00e1ndar mediante el uso de c\u00f3digo (X)HTML, con el objetivo de dotar de informaci\u00f3n de contexto al contenido y permitir al usuario diferenciar encabezamientos, secciones, p\u00e1rrafos, listas, entre otros elementos.<\/li>\n \t<li>Uso de hojas de estilo en cascada (CSS) para posicionar los contenidos, con la finalidad de marcar adecuadamente y separar la estructura y presentaci\u00f3n de los contenidos, logrando garantizar la compatibilidad para diferentes navegadores y dispositivos, permitiendo el uso de tecnolog\u00edas de asistencia a la navegaci\u00f3n como los lectores de pantalla para personas con discapacidades visuales.<\/li>\n \t<li>Utilizaci\u00f3n de un tama\u00f1o de fuente legible y comprobaci\u00f3n del contraste suficiente entre el texto y los colores de fondo, permitiendo modificar el tama\u00f1o de la letra y tonalidades de color mediante las herramientas de cada navegador.<\/li>\n \t<li>Inclusi\u00f3n de descripciones alternativas para las im\u00e1genes, excepto las de tipo decorativo, con el objetivo de proporcionar una alternativa a las personas que no accedan a los contenidos gr\u00e1ficos.<\/li>\n \t<li>Utilizaci\u00f3n de alternativas funcionales para los usuarios que tengan desactivado el Javascript, evitando ocultar informaci\u00f3n o bloquear el acceso a las personas que usan navegadores que no soportan estas tecnolog\u00edas.<\/li>\n \t<li>Evitando el uso de ventanas emergentes, gr\u00e1ficos en movimiento y destellos, y proporcionando funcionalidades para detener el movimiento en caso de ser imprescindible su uso.<\/li>\n \t<li>Evitando el uso del color para dotar de significado a un contenido, y utilizando tonos de color previamente validados en los algoritmos de contraste entre color de texto y fondo para WCAG2.<\/li>\n \t<li>Inclusi\u00f3n de enlaces con Title, que ofrecen URLs del destino del hiperv\u00ednculo, con el objetivo de garantizar una navegaci\u00f3n sencilla y proporcionar informaci\u00f3n precisa a los usuarios.<\/li>\n \t<li>Uso de atributos en los formularios que facilitan la accesibilidad para las personas con discapacidad.<\/li>\n \t<li>Utilizaci\u00f3n de un gestor de contenidos (Drupal) que ayuda a mantener la accesibilidad de los contenidos a lo largo del tiempo. Esto permite garantizar que el sitio web contin\u00fae cumpliendo con las mejores pr\u00e1cticas y est\u00e1ndares de accesibilidad en todo momento.<\/li>\n<\/ul>\n\n\n<br>\nEn resumen, se han adoptado medidas para mejorar la accesibilidad de los contenidos, estructura y presentaci\u00f3n del sitio web, proporcionando alternativas para personas con discapacidad, evitando barreras de acceso, garantizando la compatibilidad con diferentes navegadores y dispositivos, y utilizando herramientas de gesti\u00f3n de contenidos para mantener la accesibilidad a lo largo del tiempo.\t\t\t\t\t\t\t\t<\/div>\n\t\t\t\t<\/div>\n\t\t\t\t\t<\/div>\n\t\t\t\t<\/div>\n\t\t<div class=\"elementor-element elementor-element-13c7530 e-flex e-con-boxed e-con e-parent\" data-id=\"13c7530\" data-element_type=\"container\" data-e-type=\"container\">\n\t\t\t\t\t<div class=\"e-con-inner\">\n\t\t\t\t<div class=\"elementor-element elementor-element-85c4af9 elementor-widget elementor-widget-heading\" data-id=\"85c4af9\" data-element_type=\"widget\" data-e-type=\"widget\" data-widget_type=\"heading.default\">\n\t\t\t\t<div class=\"elementor-widget-container\">\n\t\t\t\t\t<h3 class=\"elementor-heading-title elementor-size-default\">4. Lectura De Contenidos<\/h3>\t\t\t\t<\/div>\n\t\t\t\t<\/div>\n\t\t\t\t<div class=\"elementor-element elementor-element-6568ede elementor-widget elementor-widget-text-editor\" data-id=\"6568ede\" data-element_type=\"widget\" data-e-type=\"widget\" data-widget_type=\"text-editor.default\">\n\t\t\t\t<div class=\"elementor-widget-container\">\n\t\t\t\t\t\t\t\t\t<p>Este portal ofrece una funcionalidad de conversi\u00f3n de texto a voz que permite a los usuarios escuchar el contenido de las p\u00e1ginas web \u00aben voz alta\u00bb desde una variedad de dispositivos, incluyendo ordenadores, iPhones y smartphones (incluyendo Blackberry y Android), iPads, reproductores MP3, PDAs, videoconsolas, TV interactiva en Internet y cabinas de Internet.<\/p><p>El usuario no necesita descargar ni instalar ning\u00fan software adicional para utilizar esta funci\u00f3n, simplemente haciendo clic en el bot\u00f3n \u00abescuchar\u00bb para iniciar la lectura autom\u00e1ticamente. Adem\u00e1s, si el usuario selecciona una parte del texto, aparecer\u00e1 autom\u00e1ticamente un bot\u00f3n de reproducci\u00f3n junto al cursor del rat\u00f3n para un acceso r\u00e1pido a la funci\u00f3n de lectura del texto seleccionado. Esta funci\u00f3n tambi\u00e9n permite resaltar el texto, frase a frase o palabra por palabra, mientras se est\u00e1 leyendo. El usuario tambi\u00e9n puede configurar caracter\u00edsticas como la velocidad de lectura, los colores de resaltado de texto o el desplazamiento vertical. Este sistema es \u00fatil para aquellos que tienen problemas de acceso a la comprensi\u00f3n del contenido del sitio web, como personas con baja visi\u00f3n, problemas de lectura o dificultades cognitivas, personas con dislexia, extranjeros, etc.<\/p>\t\t\t\t\t\t\t\t<\/div>\n\t\t\t\t<\/div>\n\t\t\t\t\t<\/div>\n\t\t\t\t<\/div>\n\t\t\t\t<\/div>\n\t\t","protected":false},"excerpt":{"rendered":"<p>Declaraci\u00f3n de Accesibilidad En este portal encontrar\u00e1 informaci\u00f3n sobre las directrices de accesibilidad aplicadas a los contenidos de la la web https:\/\/puntokrion.com\/ con el objetivo de garantizar que las personas con discapacidad o de edad avanzada puedan acceder a los mismos, cumpliendo as\u00ed con lo establecido por la Ley de Servicios de la Sociedad de [&hellip;]<\/p>\n","protected":false},"author":65483,"featured_media":0,"parent":0,"menu_order":0,"comment_status":"closed","ping_status":"closed","template":"","meta":{"footnotes":""},"class_list":["post-836","page","type-page","status-publish","hentry"],"yoast_head":"<!-- This site is optimized with the Yoast SEO plugin v26.9 - https:\/\/yoast.com\/product\/yoast-seo-wordpress\/ -->\n<title>Declaraci\u00f3n de Accesibilidad - Punto Krion<\/title>\n<meta name=\"robots\" content=\"index, follow, max-snippet:-1, max-image-preview:large, max-video-preview:-1\" \/>\n<link rel=\"canonical\" href=\"https:\/\/www.puntokrion.com\/en\/declaracion-de-accesibilidad\/\" \/>\n<meta property=\"og:locale\" content=\"en_US\" \/>\n<meta property=\"og:type\" content=\"article\" \/>\n<meta property=\"og:title\" content=\"Declaraci\u00f3n de Accesibilidad - Punto Krion\" \/>\n<meta property=\"og:description\" content=\"Declaraci\u00f3n de Accesibilidad En este portal encontrar\u00e1 informaci\u00f3n sobre las directrices de accesibilidad aplicadas a los contenidos de la la web https:\/\/puntokrion.com\/ con el objetivo de garantizar que las personas con discapacidad o de edad avanzada puedan acceder a los mismos, cumpliendo as\u00ed con lo establecido por la Ley de Servicios de la Sociedad de [&hellip;]\" \/>\n<meta property=\"og:url\" content=\"https:\/\/www.puntokrion.com\/en\/declaracion-de-accesibilidad\/\" \/>\n<meta property=\"og:site_name\" content=\"Punto Krion\" \/>\n<meta property=\"article:modified_time\" content=\"2024-09-12T13:10:51+00:00\" \/>\n<meta name=\"twitter:card\" content=\"summary_large_image\" \/>\n<meta name=\"twitter:label1\" content=\"Est. reading time\" \/>\n\t<meta name=\"twitter:data1\" content=\"6 minutes\" \/>\n<script type=\"application\/ld+json\" class=\"yoast-schema-graph\">{\"@context\":\"https:\/\/schema.org\",\"@graph\":[{\"@type\":\"WebPage\",\"@id\":\"https:\/\/www.puntokrion.com\/en\/declaracion-de-accesibilidad\/\",\"url\":\"https:\/\/www.puntokrion.com\/en\/declaracion-de-accesibilidad\/\",\"name\":\"Declaraci\u00f3n de Accesibilidad - Punto Krion\",\"isPartOf\":{\"@id\":\"https:\/\/www.puntokrion.com\/#website\"},\"datePublished\":\"2024-06-12T11:41:46+00:00\",\"dateModified\":\"2024-09-12T13:10:51+00:00\",\"breadcrumb\":{\"@id\":\"https:\/\/www.puntokrion.com\/en\/declaracion-de-accesibilidad\/#breadcrumb\"},\"inLanguage\":\"en-US\",\"potentialAction\":[{\"@type\":\"ReadAction\",\"target\":[\"https:\/\/www.puntokrion.com\/en\/declaracion-de-accesibilidad\/\"]}]},{\"@type\":\"BreadcrumbList\",\"@id\":\"https:\/\/www.puntokrion.com\/en\/declaracion-de-accesibilidad\/#breadcrumb\",\"itemListElement\":[{\"@type\":\"ListItem\",\"position\":1,\"name\":\"Portada\",\"item\":\"https:\/\/www.puntokrion.com\/en\/\"},{\"@type\":\"ListItem\",\"position\":2,\"name\":\"Declaraci\u00f3n de Accesibilidad\"}]},{\"@type\":\"WebSite\",\"@id\":\"https:\/\/www.puntokrion.com\/#website\",\"url\":\"https:\/\/www.puntokrion.com\/\",\"name\":\"Punto Krion\",\"description\":\"\",\"publisher\":{\"@id\":\"https:\/\/www.puntokrion.com\/#organization\"},\"potentialAction\":[{\"@type\":\"SearchAction\",\"target\":{\"@type\":\"EntryPoint\",\"urlTemplate\":\"https:\/\/www.puntokrion.com\/?s={search_term_string}\"},\"query-input\":{\"@type\":\"PropertyValueSpecification\",\"valueRequired\":true,\"valueName\":\"search_term_string\"}}],\"inLanguage\":\"en-US\"},{\"@type\":\"Organization\",\"@id\":\"https:\/\/www.puntokrion.com\/#organization\",\"name\":\"Punto Krion\",\"url\":\"https:\/\/www.puntokrion.com\/\",\"logo\":{\"@type\":\"ImageObject\",\"inLanguage\":\"en-US\",\"@id\":\"https:\/\/www.puntokrion.com\/#\/schema\/logo\/image\/\",\"url\":\"https:\/\/www.puntokrion.com\/wp-content\/uploads\/2024\/04\/cropped-puntokrionlogo.png\",\"contentUrl\":\"https:\/\/www.puntokrion.com\/wp-content\/uploads\/2024\/04\/cropped-puntokrionlogo.png\",\"width\":547,\"height\":173,\"caption\":\"Punto Krion\"},\"image\":{\"@id\":\"https:\/\/www.puntokrion.com\/#\/schema\/logo\/image\/\"}}]}<\/script>\n<!-- \/ Yoast SEO plugin. -->","yoast_head_json":{"title":"Declaraci\u00f3n de Accesibilidad - Punto Krion","robots":{"index":"index","follow":"follow","max-snippet":"max-snippet:-1","max-image-preview":"max-image-preview:large","max-video-preview":"max-video-preview:-1"},"canonical":"https:\/\/www.puntokrion.com\/en\/declaracion-de-accesibilidad\/","og_locale":"en_US","og_type":"article","og_title":"Declaraci\u00f3n de Accesibilidad - Punto Krion","og_description":"Declaraci\u00f3n de Accesibilidad En este portal encontrar\u00e1 informaci\u00f3n sobre las directrices de accesibilidad aplicadas a los contenidos de la la web https:\/\/puntokrion.com\/ con el objetivo de garantizar que las personas con discapacidad o de edad avanzada puedan acceder a los mismos, cumpliendo as\u00ed con lo establecido por la Ley de Servicios de la Sociedad de [&hellip;]","og_url":"https:\/\/www.puntokrion.com\/en\/declaracion-de-accesibilidad\/","og_site_name":"Punto Krion","article_modified_time":"2024-09-12T13:10:51+00:00","twitter_card":"summary_large_image","twitter_misc":{"Est. reading time":"6 minutes"},"schema":{"@context":"https:\/\/schema.org","@graph":[{"@type":"WebPage","@id":"https:\/\/www.puntokrion.com\/en\/declaracion-de-accesibilidad\/","url":"https:\/\/www.puntokrion.com\/en\/declaracion-de-accesibilidad\/","name":"Declaraci\u00f3n de Accesibilidad - Punto Krion","isPartOf":{"@id":"https:\/\/www.puntokrion.com\/#website"},"datePublished":"2024-06-12T11:41:46+00:00","dateModified":"2024-09-12T13:10:51+00:00","breadcrumb":{"@id":"https:\/\/www.puntokrion.com\/en\/declaracion-de-accesibilidad\/#breadcrumb"},"inLanguage":"en-US","potentialAction":[{"@type":"ReadAction","target":["https:\/\/www.puntokrion.com\/en\/declaracion-de-accesibilidad\/"]}]},{"@type":"BreadcrumbList","@id":"https:\/\/www.puntokrion.com\/en\/declaracion-de-accesibilidad\/#breadcrumb","itemListElement":[{"@type":"ListItem","position":1,"name":"Portada","item":"https:\/\/www.puntokrion.com\/en\/"},{"@type":"ListItem","position":2,"name":"Declaraci\u00f3n de Accesibilidad"}]},{"@type":"WebSite","@id":"https:\/\/www.puntokrion.com\/#website","url":"https:\/\/www.puntokrion.com\/","name":"Punto Krion","description":"","publisher":{"@id":"https:\/\/www.puntokrion.com\/#organization"},"potentialAction":[{"@type":"SearchAction","target":{"@type":"EntryPoint","urlTemplate":"https:\/\/www.puntokrion.com\/?s={search_term_string}"},"query-input":{"@type":"PropertyValueSpecification","valueRequired":true,"valueName":"search_term_string"}}],"inLanguage":"en-US"},{"@type":"Organization","@id":"https:\/\/www.puntokrion.com\/#organization","name":"Punto Krion","url":"https:\/\/www.puntokrion.com\/","logo":{"@type":"ImageObject","inLanguage":"en-US","@id":"https:\/\/www.puntokrion.com\/#\/schema\/logo\/image\/","url":"https:\/\/www.puntokrion.com\/wp-content\/uploads\/2024\/04\/cropped-puntokrionlogo.png","contentUrl":"https:\/\/www.puntokrion.com\/wp-content\/uploads\/2024\/04\/cropped-puntokrionlogo.png","width":547,"height":173,"caption":"Punto Krion"},"image":{"@id":"https:\/\/www.puntokrion.com\/#\/schema\/logo\/image\/"}}]}},"_links":{"self":[{"href":"https:\/\/www.puntokrion.com\/en\/wp-json\/wp\/v2\/pages\/836","targetHints":{"allow":["GET"]}}],"collection":[{"href":"https:\/\/www.puntokrion.com\/en\/wp-json\/wp\/v2\/pages"}],"about":[{"href":"https:\/\/www.puntokrion.com\/en\/wp-json\/wp\/v2\/types\/page"}],"author":[{"embeddable":true,"href":"https:\/\/www.puntokrion.com\/en\/wp-json\/wp\/v2\/users\/65483"}],"replies":[{"embeddable":true,"href":"https:\/\/www.puntokrion.com\/en\/wp-json\/wp\/v2\/comments?post=836"}],"version-history":[{"count":4,"href":"https:\/\/www.puntokrion.com\/en\/wp-json\/wp\/v2\/pages\/836\/revisions"}],"predecessor-version":[{"id":1169,"href":"https:\/\/www.puntokrion.com\/en\/wp-json\/wp\/v2\/pages\/836\/revisions\/1169"}],"wp:attachment":[{"href":"https:\/\/www.puntokrion.com\/en\/wp-json\/wp\/v2\/media?parent=836"}],"curies":[{"name":"wp","href":"https:\/\/api.w.org\/{rel}","templated":true}]}}