{"id":848,"date":"2024-07-01T14:26:02","date_gmt":"2024-07-01T12:26:02","guid":{"rendered":"https:\/\/www.puntokrion.com\/sobre-nosotros\/"},"modified":"2025-06-23T12:24:19","modified_gmt":"2025-06-23T10:24:19","slug":"sobre-nosotros","status":"publish","type":"page","link":"https:\/\/www.puntokrion.com\/en\/sobre-nosotros\/","title":{"rendered":"Sobre Nosotros"},"content":{"rendered":"<h1>SOBRE NOSOTROS<\/h1>\n<h2>Nuestra Historia<\/h2>\n<p>Punto Krion es el resultado de a\u00f1os de dedicaci\u00f3n, trabajo y experiencia en un sector cada vez m\u00e1s creciente y conocido como es el mundo de la Superficie S\u00f3lida (Solid Surface).<\/p>\n<p>El Grupo Porcelanosa ha dado, con el KRION\u00ae, un nuevo salto de calidad y excelencia potenciando a\u00fan m\u00e1s un material que ya de por s\u00ed tiene una versatilidad incalculable y l\u00edmites de aplicaci\u00f3n a\u00fan desconocidos.<\/p>\n<p>Contamos con un equipo humano invaluable formado por procesadores de superficie s\u00f3lida espec\u00edficos, carpinteros, herreros y electricistas que cubren el 100% de las necesidades de proyectos cotidianos, y un selecto grupo de empresas colaboradoras en casos de proyectos de distinta envergadura.<\/p>\n<p>Nuestro Departamento T\u00e9cnico, siempre en la vanguardia, consta de dise\u00f1adores y profesionales en continua b\u00fasqueda de nuevas y mejores aplicaciones del material y para resolver las posibles dificultades de proyectos m\u00e1s complejos.<\/p>\n<p>Tambi\u00e9n disponemos de la maquinaria necesaria para estar a la altura de este reto que es el KRION\u00ae por su enorme versatilidad, contando con Horno de Membrana para termoformar, CNC, maquinaria Festool y los accesorios id\u00f3neos para poder trabajar el material tal como se requiere. Adem\u00e1s nos ayuda un grupo selecto de colaboradores que son necesarios en proyectos de mayor envergadura o complejidad, lo que nos da una estructura din\u00e1mica y \u00e1gil a la hora de recibir cualquier propuesta por m\u00e1s osada que sea.<\/p>\n<p>Env\u00edanos tu proyecto, simplemente lo haremos realidad.<\/p>\n<h2>Visita nuestro feed de Instagram<\/h2>\n\n<div id=\"sb_instagram\"  class=\"sbi sbi_mob_col_1 sbi_tab_col_2 sbi_col_4 sbi_width_resp\" style=\"padding-bottom: 10px;\"\t data-feedid=\"*1\"  data-res=\"auto\" data-cols=\"4\" data-colsmobile=\"1\" data-colstablet=\"2\" data-num=\"12\" data-nummobile=\"6\" data-item-padding=\"5\"\t data-shortcode-atts=\"{&quot;feed&quot;:&quot;1&quot;}\"  data-postid=\"848\" data-locatornonce=\"2a1ab14201\" data-imageaspectratio=\"1:1\" data-sbi-flags=\"favorLocal,gdpr\">\n\t\n\t<div id=\"sbi_images\"  style=\"gap: 10px;\">\n\t\t\t<\/div>\n\n\t<div id=\"sbi_load\" >\n\n\t\n\t\t\t<span class=\"sbi_follow_btn sbi_custom\" >\n\t\t\t<a target=\"_blank\"\n\t\t\t\trel=\"nofollow noopener\"  href=\"https:\/\/www.instagram.com\/17841410724022407\/\" style=\"background: rgb(64,139,209);\">\n\t\t\t\t<svg class=\"svg-inline--fa fa-instagram fa-w-14\" aria-hidden=\"true\" data-fa-processed=\"\" aria-label=\"Instagram\" data-prefix=\"fab\" data-icon=\"instagram\" role=\"img\" viewBox=\"0 0 448 512\">\n                    <path fill=\"currentColor\" d=\"M224.1 141c-63.6 0-114.9 51.3-114.9 114.9s51.3 114.9 114.9 114.9S339 319.5 339 255.9 287.7 141 224.1 141zm0 189.6c-41.1 0-74.7-33.5-74.7-74.7s33.5-74.7 74.7-74.7 74.7 33.5 74.7 74.7-33.6 74.7-74.7 74.7zm146.4-194.3c0 14.9-12 26.8-26.8 26.8-14.9 0-26.8-12-26.8-26.8s12-26.8 26.8-26.8 26.8 12 26.8 26.8zm76.1 27.2c-1.7-35.9-9.9-67.7-36.2-93.9-26.2-26.2-58-34.4-93.9-36.2-37-2.1-147.9-2.1-184.9 0-35.8 1.7-67.6 9.9-93.9 36.1s-34.4 58-36.2 93.9c-2.1 37-2.1 147.9 0 184.9 1.7 35.9 9.9 67.7 36.2 93.9s58 34.4 93.9 36.2c37 2.1 147.9 2.1 184.9 0 35.9-1.7 67.7-9.9 93.9-36.2 26.2-26.2 34.4-58 36.2-93.9 2.1-37 2.1-147.8 0-184.8zM398.8 388c-7.8 19.6-22.9 34.7-42.6 42.6-29.5 11.7-99.5 9-132.1 9s-102.7 2.6-132.1-9c-19.6-7.8-34.7-22.9-42.6-42.6-11.7-29.5-9-99.5-9-132.1s-2.6-102.7 9-132.1c7.8-19.6 22.9-34.7 42.6-42.6 29.5-11.7 99.5-9 132.1-9s102.7-2.6 132.1 9c19.6 7.8 34.7 22.9 42.6 42.6 11.7 29.5 9 99.5 9 132.1s2.7 102.7-9 132.1z\"><\/path>\n                <\/svg>\t\t\t\t<span>Follow on Instagram<\/span>\n\t\t\t<\/a>\n\t\t<\/span>\n\t\n<\/div>\n\t\t<span class=\"sbi_resized_image_data\" data-feed-id=\"*1\"\n\t\t  data-resized=\"[]\">\n\t<\/span>\n\t<\/div>\n\n\n","protected":false},"excerpt":{"rendered":"<p>SOBRE NOSOTROS Nuestra Historia Punto Krion es el resultado de a\u00f1os de dedicaci\u00f3n, trabajo y experiencia en un sector cada vez m\u00e1s creciente y conocido como es el mundo de la Superficie S\u00f3lida (Solid Surface). El Grupo Porcelanosa ha dado, con el KRION\u00ae, un nuevo salto de calidad y excelencia potenciando a\u00fan m\u00e1s un material [&hellip;]<\/p>\n","protected":false},"author":65483,"featured_media":0,"parent":0,"menu_order":0,"comment_status":"closed","ping_status":"closed","template":"","meta":{"footnotes":""},"class_list":["post-848","page","type-page","status-publish","hentry"],"yoast_head":"<!-- This site is optimized with the Yoast SEO plugin v26.9 - https:\/\/yoast.com\/product\/yoast-seo-wordpress\/ -->\n<title>Sobre Nosotros - Punto Krion<\/title>\n<meta name=\"robots\" content=\"index, follow, max-snippet:-1, max-image-preview:large, max-video-preview:-1\" \/>\n<link rel=\"canonical\" href=\"https:\/\/www.puntokrion.com\/en\/sobre-nosotros\/\" \/>\n<meta property=\"og:locale\" content=\"en_US\" \/>\n<meta property=\"og:type\" content=\"article\" \/>\n<meta property=\"og:title\" content=\"Sobre Nosotros - Punto Krion\" \/>\n<meta property=\"og:description\" content=\"SOBRE NOSOTROS Nuestra Historia Punto Krion es el resultado de a\u00f1os de dedicaci\u00f3n, trabajo y experiencia en un sector cada vez m\u00e1s creciente y conocido como es el mundo de la Superficie S\u00f3lida (Solid Surface). El Grupo Porcelanosa ha dado, con el KRION\u00ae, un nuevo salto de calidad y excelencia potenciando a\u00fan m\u00e1s un material [&hellip;]\" \/>\n<meta property=\"og:url\" content=\"https:\/\/www.puntokrion.com\/en\/sobre-nosotros\/\" \/>\n<meta property=\"og:site_name\" content=\"Punto Krion\" \/>\n<meta property=\"article:modified_time\" content=\"2025-06-23T10:24:19+00:00\" \/>\n<meta name=\"twitter:card\" content=\"summary_large_image\" \/>\n<meta name=\"twitter:label1\" content=\"Est. reading time\" \/>\n\t<meta name=\"twitter:data1\" content=\"2 minutes\" \/>\n<script type=\"application\/ld+json\" class=\"yoast-schema-graph\">{\"@context\":\"https:\/\/schema.org\",\"@graph\":[{\"@type\":\"WebPage\",\"@id\":\"https:\/\/www.puntokrion.com\/en\/sobre-nosotros\/\",\"url\":\"https:\/\/www.puntokrion.com\/en\/sobre-nosotros\/\",\"name\":\"Sobre Nosotros - Punto Krion\",\"isPartOf\":{\"@id\":\"https:\/\/www.puntokrion.com\/#website\"},\"datePublished\":\"2024-07-01T12:26:02+00:00\",\"dateModified\":\"2025-06-23T10:24:19+00:00\",\"breadcrumb\":{\"@id\":\"https:\/\/www.puntokrion.com\/en\/sobre-nosotros\/#breadcrumb\"},\"inLanguage\":\"en-US\",\"potentialAction\":[{\"@type\":\"ReadAction\",\"target\":[\"https:\/\/www.puntokrion.com\/en\/sobre-nosotros\/\"]}]},{\"@type\":\"BreadcrumbList\",\"@id\":\"https:\/\/www.puntokrion.com\/en\/sobre-nosotros\/#breadcrumb\",\"itemListElement\":[{\"@type\":\"ListItem\",\"position\":1,\"name\":\"Portada\",\"item\":\"https:\/\/www.puntokrion.com\/en\/\"},{\"@type\":\"ListItem\",\"position\":2,\"name\":\"Sobre Nosotros\"}]},{\"@type\":\"WebSite\",\"@id\":\"https:\/\/www.puntokrion.com\/#website\",\"url\":\"https:\/\/www.puntokrion.com\/\",\"name\":\"Punto Krion\",\"description\":\"\",\"publisher\":{\"@id\":\"https:\/\/www.puntokrion.com\/#organization\"},\"potentialAction\":[{\"@type\":\"SearchAction\",\"target\":{\"@type\":\"EntryPoint\",\"urlTemplate\":\"https:\/\/www.puntokrion.com\/?s={search_term_string}\"},\"query-input\":{\"@type\":\"PropertyValueSpecification\",\"valueRequired\":true,\"valueName\":\"search_term_string\"}}],\"inLanguage\":\"en-US\"},{\"@type\":\"Organization\",\"@id\":\"https:\/\/www.puntokrion.com\/#organization\",\"name\":\"Punto Krion\",\"url\":\"https:\/\/www.puntokrion.com\/\",\"logo\":{\"@type\":\"ImageObject\",\"inLanguage\":\"en-US\",\"@id\":\"https:\/\/www.puntokrion.com\/#\/schema\/logo\/image\/\",\"url\":\"https:\/\/www.puntokrion.com\/wp-content\/uploads\/2024\/04\/cropped-puntokrionlogo.png\",\"contentUrl\":\"https:\/\/www.puntokrion.com\/wp-content\/uploads\/2024\/04\/cropped-puntokrionlogo.png\",\"width\":547,\"height\":173,\"caption\":\"Punto Krion\"},\"image\":{\"@id\":\"https:\/\/www.puntokrion.com\/#\/schema\/logo\/image\/\"}}]}<\/script>\n<!-- \/ Yoast SEO plugin. -->","yoast_head_json":{"title":"Sobre Nosotros - Punto Krion","robots":{"index":"index","follow":"follow","max-snippet":"max-snippet:-1","max-image-preview":"max-image-preview:large","max-video-preview":"max-video-preview:-1"},"canonical":"https:\/\/www.puntokrion.com\/en\/sobre-nosotros\/","og_locale":"en_US","og_type":"article","og_title":"Sobre Nosotros - Punto Krion","og_description":"SOBRE NOSOTROS Nuestra Historia Punto Krion es el resultado de a\u00f1os de dedicaci\u00f3n, trabajo y experiencia en un sector cada vez m\u00e1s creciente y conocido como es el mundo de la Superficie S\u00f3lida (Solid Surface). El Grupo Porcelanosa ha dado, con el KRION\u00ae, un nuevo salto de calidad y excelencia potenciando a\u00fan m\u00e1s un material [&hellip;]","og_url":"https:\/\/www.puntokrion.com\/en\/sobre-nosotros\/","og_site_name":"Punto Krion","article_modified_time":"2025-06-23T10:24:19+00:00","twitter_card":"summary_large_image","twitter_misc":{"Est. reading time":"2 minutes"},"schema":{"@context":"https:\/\/schema.org","@graph":[{"@type":"WebPage","@id":"https:\/\/www.puntokrion.com\/en\/sobre-nosotros\/","url":"https:\/\/www.puntokrion.com\/en\/sobre-nosotros\/","name":"Sobre Nosotros - Punto Krion","isPartOf":{"@id":"https:\/\/www.puntokrion.com\/#website"},"datePublished":"2024-07-01T12:26:02+00:00","dateModified":"2025-06-23T10:24:19+00:00","breadcrumb":{"@id":"https:\/\/www.puntokrion.com\/en\/sobre-nosotros\/#breadcrumb"},"inLanguage":"en-US","potentialAction":[{"@type":"ReadAction","target":["https:\/\/www.puntokrion.com\/en\/sobre-nosotros\/"]}]},{"@type":"BreadcrumbList","@id":"https:\/\/www.puntokrion.com\/en\/sobre-nosotros\/#breadcrumb","itemListElement":[{"@type":"ListItem","position":1,"name":"Portada","item":"https:\/\/www.puntokrion.com\/en\/"},{"@type":"ListItem","position":2,"name":"Sobre Nosotros"}]},{"@type":"WebSite","@id":"https:\/\/www.puntokrion.com\/#website","url":"https:\/\/www.puntokrion.com\/","name":"Punto Krion","description":"","publisher":{"@id":"https:\/\/www.puntokrion.com\/#organization"},"potentialAction":[{"@type":"SearchAction","target":{"@type":"EntryPoint","urlTemplate":"https:\/\/www.puntokrion.com\/?s={search_term_string}"},"query-input":{"@type":"PropertyValueSpecification","valueRequired":true,"valueName":"search_term_string"}}],"inLanguage":"en-US"},{"@type":"Organization","@id":"https:\/\/www.puntokrion.com\/#organization","name":"Punto Krion","url":"https:\/\/www.puntokrion.com\/","logo":{"@type":"ImageObject","inLanguage":"en-US","@id":"https:\/\/www.puntokrion.com\/#\/schema\/logo\/image\/","url":"https:\/\/www.puntokrion.com\/wp-content\/uploads\/2024\/04\/cropped-puntokrionlogo.png","contentUrl":"https:\/\/www.puntokrion.com\/wp-content\/uploads\/2024\/04\/cropped-puntokrionlogo.png","width":547,"height":173,"caption":"Punto Krion"},"image":{"@id":"https:\/\/www.puntokrion.com\/#\/schema\/logo\/image\/"}}]}},"_links":{"self":[{"href":"https:\/\/www.puntokrion.com\/en\/wp-json\/wp\/v2\/pages\/848","targetHints":{"allow":["GET"]}}],"collection":[{"href":"https:\/\/www.puntokrion.com\/en\/wp-json\/wp\/v2\/pages"}],"about":[{"href":"https:\/\/www.puntokrion.com\/en\/wp-json\/wp\/v2\/types\/page"}],"author":[{"embeddable":true,"href":"https:\/\/www.puntokrion.com\/en\/wp-json\/wp\/v2\/users\/65483"}],"replies":[{"embeddable":true,"href":"https:\/\/www.puntokrion.com\/en\/wp-json\/wp\/v2\/comments?post=848"}],"version-history":[{"count":31,"href":"https:\/\/www.puntokrion.com\/en\/wp-json\/wp\/v2\/pages\/848\/revisions"}],"predecessor-version":[{"id":2060,"href":"https:\/\/www.puntokrion.com\/en\/wp-json\/wp\/v2\/pages\/848\/revisions\/2060"}],"wp:attachment":[{"href":"https:\/\/www.puntokrion.com\/en\/wp-json\/wp\/v2\/media?parent=848"}],"curies":[{"name":"wp","href":"https:\/\/api.w.org\/{rel}","templated":true}]}}